{"id":5798,"date":"2023-06-23T13:05:30","date_gmt":"2023-06-23T12:05:30","guid":{"rendered":"https:\/\/bosenduin.wpenginepowered.com\/eine-nacht-auf-texel\/"},"modified":"2025-10-07T14:12:18","modified_gmt":"2025-10-07T13:12:18","slug":"eine-nacht-auf-texel","status":"publish","type":"page","link":"https:\/\/bosenduin-texel.nl\/de\/eine-nacht-auf-texel\/","title":{"rendered":"Eine Nacht auf Texel"},"content":{"rendered":"\t\t<div data-elementor-type=\"wp-page\" data-elementor-id=\"5798\" class=\"elementor elementor-5798 elementor-731\" data-elementor-post-type=\"page\">\n\t\t\t\t<div class=\"elementor-element elementor-element-6fa1701 e-con-full e-flex e-con e-parent\" data-id=\"6fa1701\" data-element_type=\"container\" data-e-type=\"container\">\n\t\t\t\t<div class=\"elementor-element elementor-element-111c2f8 elementor-widget elementor-widget-template\" data-id=\"111c2f8\" data-element_type=\"widget\" data-e-type=\"widget\" data-widget_type=\"template.default\">\n\t\t\t\t<div class=\"elementor-widget-container\">\n\t\t\t\t\t\t\t<div class=\"elementor-template\">\n\t\t\t\t\t<div data-elementor-type=\"section\" data-elementor-id=\"3890\" class=\"elementor elementor-3890 elementor-3717\" data-elementor-post-type=\"elementor_library\">\n\t\t\t<div class=\"elementor-element elementor-element-8415b6c e-flex e-con-boxed e-con e-parent\" data-id=\"8415b6c\" data-element_type=\"container\" data-e-type=\"container\" data-settings=\"{&quot;background_background&quot;:&quot;classic&quot;}\">\n\t\t\t\t\t<div class=\"e-con-inner\">\n\t\t<div class=\"elementor-element elementor-element-60f372b e-flex e-con-boxed e-con e-child\" data-id=\"60f372b\" data-element_type=\"container\" data-e-type=\"container\">\n\t\t\t\t\t<div class=\"e-con-inner\">\n\t\t<div class=\"elementor-element elementor-element-b7c7cca custom-search e-flex e-con-boxed e-con e-child\" data-id=\"b7c7cca\" data-element_type=\"container\" data-e-type=\"container\">\n\t\t\t\t\t<div class=\"e-con-inner\">\n\t\t\t\t<div class=\"elementor-element elementor-element-6486976 elementor-widget elementor-widget-html\" data-id=\"6486976\" data-element_type=\"widget\" data-e-type=\"widget\" data-widget_type=\"html.default\">\n\t\t\t\t<div class=\"elementor-widget-container\">\n\t\t\t\t\t<h4>Eine Ferienwohnung buchen<\/h4>\t\t\t\t<\/div>\n\t\t\t\t<\/div>\n\t\t\t\t<div class=\"elementor-element elementor-element-b1b746c elementor-align-center elementor-mobile-align-center elementor-widget-mobile__width-inherit elementor-widget__width-inherit elementor-widget elementor-widget-button\" data-id=\"b1b746c\" data-element_type=\"widget\" data-e-type=\"widget\" data-widget_type=\"button.default\">\n\t\t\t\t<div class=\"elementor-widget-container\">\n\t\t\t\t\t\t\t\t\t<div class=\"elementor-button-wrapper\">\n\t\t\t\t\t<a class=\"elementor-button elementor-button-link elementor-size-xs\" href=\"https:\/\/bosenduin-texel.nl\/de\/ferienwohnung-texel\/\">\n\t\t\t\t\t\t<span class=\"elementor-button-content-wrapper\">\n\t\t\t\t\t\t\t\t\t<span class=\"elementor-button-text\">Verf\u00fcgbarkeit pr\u00fcfen<\/span>\n\t\t\t\t\t<\/span>\n\t\t\t\t\t<\/a>\n\t\t\t\t<\/div>\n\t\t\t\t\t\t\t\t<\/div>\n\t\t\t\t<\/div>\n\t\t\t\t<div class=\"elementor-element elementor-element-cadfa03 elementor-widget-divider--view-line elementor-widget elementor-widget-divider\" data-id=\"cadfa03\" data-element_type=\"widget\" data-e-type=\"widget\" data-widget_type=\"divider.default\">\n\t\t\t\t<div class=\"elementor-widget-container\">\n\t\t\t\t\t\t\t<div class=\"elementor-divider\">\n\t\t\t<span class=\"elementor-divider-separator\">\n\t\t\t\t\t\t<\/span>\n\t\t<\/div>\n\t\t\t\t\t\t<\/div>\n\t\t\t\t<\/div>\n\t\t\t\t<div class=\"elementor-element elementor-element-ca0ef9b elementor-widget elementor-widget-html\" data-id=\"ca0ef9b\" data-element_type=\"widget\" data-e-type=\"widget\" data-widget_type=\"html.default\">\n\t\t\t\t<div class=\"elementor-widget-container\">\n\t\t\t\t\t<h4>Buchen Sie direkt bei Bos en Duin<\/h4>\t\t\t\t<\/div>\n\t\t\t\t<\/div>\n\t\t\t\t<div class=\"elementor-element elementor-element-91fa5fd elementor-widget elementor-widget-html\" data-id=\"91fa5fd\" data-element_type=\"widget\" data-e-type=\"widget\" data-widget_type=\"html.default\">\n\t\t\t\t<div class=\"elementor-widget-container\">\n\t\t\t\t\t\n<ul class=\"seach-bottom-text\">\n  <li> Ein einzigartiger Ort auf Texel<\/li>\n\n  <li>W\u00e4hlen Sie Ihre eigene Wohnung<\/li>\n  <li>Kulinarisches Restaurant<\/li>\n<\/ul>\t\t\t\t<\/div>\n\t\t\t\t<\/div>\n\t\t\t\t\t<\/div>\n\t\t\t\t<\/div>\n\t\t\t\t\t<\/div>\n\t\t\t\t<\/div>\n\t\t\t\t\t<\/div>\n\t\t\t\t<\/div>\n\t\t\t\t<\/div>\n\t\t\t\t<\/div>\n\t\t\t\t\t\t<\/div>\n\t\t\t\t<\/div>\n\t\t\t\t<\/div>\n\t\t<div class=\"elementor-element elementor-element-c2228b9 e-flex e-con-boxed e-con e-parent\" data-id=\"c2228b9\" data-element_type=\"container\" data-e-type=\"container\">\n\t\t\t\t\t<div class=\"e-con-inner\">\n\t\t\t\t<div class=\"elementor-element elementor-element-58695870 elementor-widget elementor-widget-heading\" data-id=\"58695870\" data-element_type=\"widget\" data-e-type=\"widget\" data-widget_type=\"heading.default\">\n\t\t\t\t<div class=\"elementor-widget-container\">\n\t\t\t\t\t<h1 class=\"elementor-heading-title elementor-size-default\">Eine Nacht auf Texel<\/h1>\t\t\t\t<\/div>\n\t\t\t\t<\/div>\n\t\t\t\t\t<\/div>\n\t\t\t\t<\/div>\n\t\t<div class=\"elementor-element elementor-element-be7b0ce e-flex e-con-boxed e-con e-parent\" data-id=\"be7b0ce\" data-element_type=\"container\" data-e-type=\"container\">\n\t\t\t\t\t<div class=\"e-con-inner\">\n\t\t\t\t<div class=\"elementor-element elementor-element-51e8c24 elementor-widget elementor-widget-text-editor\" data-id=\"51e8c24\" data-element_type=\"widget\" data-e-type=\"widget\" data-widget_type=\"text-editor.default\">\n\t\t\t\t<div class=\"elementor-widget-container\">\n\t\t\t\t\t\t\t\t\t<p>Eine Nacht auf Texel reicht gerade aus, um zwei wundersch\u00f6ne Tage zu verbringen. Sich ein wenig br\u00e4unen oder am Strand frische Luft schnappen. Bei einem so kurzen Aufenthalt ist es sch\u00f6n, wenn man nicht zu weit von all den sch\u00f6nen Dingen entfernt ist, die die Insel zu bieten hat. Unser Apartmenthotel liegt in dieser Hinsicht ideal. Direkt am Rande des Nationalparks De Duinen van Texel haben Sie von Ihrem Apartment aus sowohl Blick auf die W\u00e4lder als auch auf die weitl\u00e4ufigen Felder. Mit Den Burg und Den Hoorn in nur 3,5 km Entfernung sind auch Ausgehm\u00f6glichkeiten und Gesch\u00e4fte immer in der N\u00e4he.     <\/p><p>Eine Nacht auf Texel reicht gerade aus, um zwei wundersch\u00f6ne Tage zu verbringen. Sich ein wenig br\u00e4unen oder am Strand frische Luft schnappen. Bei einem so kurzen Aufenthalt ist es sch\u00f6n, wenn man nicht zu weit von all den sch\u00f6nen Dingen entfernt ist, die die Insel zu bieten hat. Unser Apartmenthotel liegt in dieser Hinsicht ideal. Direkt am Rande des Nationalparks De Duinen van Texel haben Sie von Ihrem Apartment aus sowohl Blick auf die W\u00e4lder als auch auf die weitl\u00e4ufigen Felder. Mit Den Burg und Den Hoorn in nur 3,5 km Entfernung sind auch Ausgehm\u00f6glichkeiten und Gesch\u00e4fte immer in der N\u00e4he.        <\/p><p>Eine \u00dcbernachtung auf Texel bietet Ihnen die M\u00f6glichkeit, in kurzer Zeit viel zu unternehmen. Oder einfach die Ruhe und Natur zu genie\u00dfen. Zum Beispiel bei langen Spazierg\u00e4ngen oder mit einem Fahrrad, das Sie in unserem Apartmenthotel mieten k\u00f6nnen. So entdecken Sie noch viel mehr von der Insel. Auf Wunsch bieten wir Ihnen gerne verschiedene Rad- oder Wanderrouten an, damit Sie die sch\u00f6nsten Orte sehen k\u00f6nnen. Eine \u00dcbernachtung auf Texel hat nat\u00fcrlich den Vorteil, dass Sie am Ende des Tages nicht wieder die F\u00e4hre nehmen m\u00fcssen. Einen Tag auf der Insel zu verbringen, l\u00e4sst sich daher am besten mit einer \u00dcbernachtung auf Texel kombinieren. Am n\u00e4chsten Tag, nachdem Sie in Ihrem Apartment aufgewacht sind, haben Sie wieder den ganzen Tag Zeit zum Genie\u00dfen.       <\/p>\t\t\t\t\t\t\t\t<\/div>\n\t\t\t\t<\/div>\n\t\t\t\t<div class=\"elementor-element elementor-element-404a3881 elementor-widget elementor-widget-heading\" data-id=\"404a3881\" data-element_type=\"widget\" data-e-type=\"widget\" data-widget_type=\"heading.default\">\n\t\t\t\t<div class=\"elementor-widget-container\">\n\t\t\t\t\t<h2 class=\"elementor-heading-title elementor-size-default\">Eine Nacht auf Texel in einem wundersch\u00f6nen Apartment<\/h2>\t\t\t\t<\/div>\n\t\t\t\t<\/div>\n\t\t\t\t<div class=\"elementor-element elementor-element-9987f3c elementor-widget elementor-widget-text-editor\" data-id=\"9987f3c\" data-element_type=\"widget\" data-e-type=\"widget\" data-widget_type=\"text-editor.default\">\n\t\t\t\t<div class=\"elementor-widget-container\">\n\t\t\t\t\t\t\t\t\t<p>Als Aparthotel bieten wir Ihnen die Einrichtungen eines Hotels, kombiniert mit dem Komfort einer komplett eingerichteten Ferienwohnung. Das bedeutet, dass Sie in Ihrer Ferienunterkunft \u00fcber eine funktionale K\u00fcchenzeile oder eine komplette K\u00fcche verf\u00fcgen. F\u00fcr Ihren Kurzurlaub auf Texel haben Sie die Wahl zwischen einer Ferienwohnung im Erdgeschoss, darunter eine speziell f\u00fcr Menschen mit Behinderung angepasste Wohnung, oder einer luxuri\u00f6sen Maisonette-Wohnung in den oberen Etagen. Wenn Sie sich unsere einzelnen Unterk\u00fcnfte etwas genauer ansehen, werden Sie sofort feststellen, dass sie alle \u00fcber eine eigene, spezifische Einrichtung verf\u00fcgen. Selbstverst\u00e4ndlich sind die Schlafzimmer mit Boxspringbetten mit waschbaren Bettdecken ausgestattet und Sie haben kostenlosen Zugang zu unserem WLAN-Netzwerk.    <\/p><p>Bos en Duin bietet Ihnen in Den Hoorn verschiedene Apartments mit Balkon oder Terrasse. Die Apartments eignen sich auch perfekt f\u00fcr eine \u00dcbernachtung auf Texel, da es Ihnen an Komfort nicht mangelt. Es gibt M\u00f6glichkeiten f\u00fcr einen Aufenthalt von zwei Personen, aber Sie sind auch mit drei, vier oder mehr Personen willkommen. Bos en Duin bietet zus\u00e4tzlichen Komfort f\u00fcr eine \u00dcbernachtung mit der Hotelfunktion. Dar\u00fcber hinaus bieten wir Ihnen kostenloses WLAN und Sie k\u00f6nnen Ihr Auto ebenfalls kostenlos parken. In bestimmten Apartments ist es m\u00f6glich, mit Haustieren zu \u00fcbernachten. Au\u00dferdem ist das Restaurant Bosq auf jeden Fall empfehlenswert, um vor oder nach der \u00dcbernachtung auf Texel kulinarische Gen\u00fcsse zu erleben.      <\/p>\t\t\t\t\t\t\t\t<\/div>\n\t\t\t\t<\/div>\n\t\t\t\t<div class=\"elementor-element elementor-element-18699f7 elementor-widget elementor-widget-heading\" data-id=\"18699f7\" data-element_type=\"widget\" data-e-type=\"widget\" data-widget_type=\"heading.default\">\n\t\t\t\t<div class=\"elementor-widget-container\">\n\t\t\t\t\t<h2 class=\"elementor-heading-title elementor-size-default\">Hunde f\u00fcr eine gem\u00fctliche \u00dcbernachtung<\/h2>\t\t\t\t<\/div>\n\t\t\t\t<\/div>\n\t\t\t\t<div class=\"elementor-element elementor-element-f63ecff elementor-widget elementor-widget-text-editor\" data-id=\"f63ecff\" data-element_type=\"widget\" data-e-type=\"widget\" data-widget_type=\"text-editor.default\">\n\t\t\t\t<div class=\"elementor-widget-container\">\n\t\t\t\t\t\t\t\t\t<p>Texel ist nicht nur ein wunderbarer Urlaubsort f\u00fcr die ganze Familie, sondern auch Hunde sind dort an den meisten Orten kein Problem. So darf Ihr Hund beispielsweise vom 1. September bis zum 1. M\u00e4rz an allen Str\u00e4nden frei laufen. W\u00e4hrend der Badesaison und in Naturschutzgebieten gilt jedoch Leinenpflicht. Bei uns sind Sie f\u00fcr einen einzigen Texel-Urlaub mit Ihrem Hund in unseren Apartments im Erdgeschoss herzlich willkommen. F\u00fcr Kinder gibt es auf dem Gel\u00e4nde einen Minispielplatz, eine Tischtennisplatte und einen Spielplatz mit Trampolin. Keine 100 Meter vom Komplex entfernt befindet sich der Aussichtsturm Fonteinsnol.     <\/p>\t\t\t\t\t\t\t\t<\/div>\n\t\t\t\t<\/div>\n\t\t\t\t<div class=\"elementor-element elementor-element-d20184b elementor-widget elementor-widget-heading\" data-id=\"d20184b\" data-element_type=\"widget\" data-e-type=\"widget\" data-widget_type=\"heading.default\">\n\t\t\t\t<div class=\"elementor-widget-container\">\n\t\t\t\t\t<h2 class=\"elementor-heading-title elementor-size-default\">\u00d6ffentliche Verkehrsmittel und Parkpl\u00e4tze auf Texel<\/h2>\t\t\t\t<\/div>\n\t\t\t\t<\/div>\n\t\t\t\t<div class=\"elementor-element elementor-element-12cb210 elementor-widget elementor-widget-text-editor\" data-id=\"12cb210\" data-element_type=\"widget\" data-e-type=\"widget\" data-widget_type=\"text-editor.default\">\n\t\t\t\t<div class=\"elementor-widget-container\">\n\t\t\t\t\t\t\t\t\t<p>Auf Texel ist der \u00f6ffentliche Nahverkehr einfach. Es gibt eine Connexxion-Linie, die zwischen dem F\u00e4hranleger und De Koog hin- und herf\u00e4hrt. Auf dieser Strecke h\u00e4lt sie auch in Den Burg. Au\u00dferdem gibt es auf der Insel den Texelhopper. Das sind kleine Busse, die mehr als 130 Haltestellen anfahren. Der Texelhopper f\u00e4hrt alle D\u00f6rfer an und kann auch vor Ort reserviert werden. Das ist besonders praktisch, wenn niemand bereit ist, an diesem einen Abend auf Texel der Fahrer zu sein. Au\u00dferdem ist das Parken in den D\u00f6rfern und an den Str\u00e4nden mit einer speziellen Texel-Vignette \u00fcberall kostenpflichtig. Auf Bos en Duin k\u00f6nnen Sie nat\u00fcrlich kostenlos parken.        <\/p>\t\t\t\t\t\t\t\t<\/div>\n\t\t\t\t<\/div>\n\t\t\t\t<div class=\"elementor-element elementor-element-958ca81 elementor-widget elementor-widget-heading\" data-id=\"958ca81\" data-element_type=\"widget\" data-e-type=\"widget\" data-widget_type=\"heading.default\">\n\t\t\t\t<div class=\"elementor-widget-container\">\n\t\t\t\t\t<h2 class=\"elementor-heading-title elementor-size-default\">Eine Nacht weg? Reservieren Sie ein k\u00f6stliches Abendessen <\/h2>\t\t\t\t<\/div>\n\t\t\t\t<\/div>\n\t\t\t\t<div class=\"elementor-element elementor-element-868a299 elementor-widget elementor-widget-text-editor\" data-id=\"868a299\" data-element_type=\"widget\" data-e-type=\"widget\" data-widget_type=\"text-editor.default\">\n\t\t\t\t<div class=\"elementor-widget-container\">\n\t\t\t\t\t\t\t\t\t<p>Bei nur einer \u00dcbernachtung auf Texel verlieren Sie viel Zeit, wenn Sie auch noch nach Restaurants suchen m\u00fcssen. Als Teil von Bos en Duin ist das Restaurant BOSQ unsere Anlaufstelle f\u00fcr unbeschwertes Essen. Hier k\u00f6nnen Sie \u00e0 la carte speisen, kleine Gerichte genie\u00dfen, ein \u00fcberraschendes BOSQ-Erlebnis erleben oder, wenn Sie mit mehreren Personen unterwegs sind, privat im Weinkeller speisen. F\u00fcr das Fr\u00fchst\u00fcck gibt es den Fr\u00fchst\u00fccksservice.   <\/p>\t\t\t\t\t\t\t\t<\/div>\n\t\t\t\t<\/div>\n\t\t\t\t<div class=\"elementor-element elementor-element-ea1b29d elementor-widget elementor-widget-heading\" data-id=\"ea1b29d\" data-element_type=\"widget\" data-e-type=\"widget\" data-widget_type=\"heading.default\">\n\t\t\t\t<div class=\"elementor-widget-container\">\n\t\t\t\t\t<h2 class=\"elementor-heading-title elementor-size-default\">Wandern und Radfahren auf Texel<\/h2>\t\t\t\t<\/div>\n\t\t\t\t<\/div>\n\t\t\t\t<div class=\"elementor-element elementor-element-b24c5a6 elementor-widget elementor-widget-text-editor\" data-id=\"b24c5a6\" data-element_type=\"widget\" data-e-type=\"widget\" data-widget_type=\"text-editor.default\">\n\t\t\t\t<div class=\"elementor-widget-container\">\n\t\t\t\t\t\t\t\t\t<p>Texel ist ein Wander- und Radfahrgebiet par excellence. Sich zu verlaufen ist fast unm\u00f6glich. Nicht nur, weil die Insel nur 20 x 8 km gro\u00df ist, sondern auch, weil es ein gut ausgeschildertes Radwegenetz von fast 140 km L\u00e4nge gibt. Wanderern stehen sogar 225 km zur Verf\u00fcgung. Wenn Sie eine Nacht auf Texel verbringen und von Bos en Duin aus einen attraktiven Spaziergang machen m\u00f6chten, dann gehen Sie doch zum Aussichtsturm De Fonteinsnol. Dieser steht nur 100 m von unserer Anlage entfernt und bietet Ihnen einen sch\u00f6nen Blick \u00fcber die Insel. Von dort aus k\u00f6nnen Sie den farbigen Pfosten durch den Wald folgen, um einen kurzen oder l\u00e4ngeren Spaziergang zu machen.      <\/p>\t\t\t\t\t\t\t\t<\/div>\n\t\t\t\t<\/div>\n\t\t\t\t\t<\/div>\n\t\t\t\t<\/div>\n\t\t<div class=\"elementor-element elementor-element-bd907fd e-con-full e-flex e-con e-parent\" data-id=\"bd907fd\" data-element_type=\"container\" data-e-type=\"container\">\n\t\t\t\t<div class=\"elementor-element elementor-element-d0d6b90 elementor-widget elementor-widget-template\" data-id=\"d0d6b90\" data-element_type=\"widget\" data-e-type=\"widget\" data-widget_type=\"template.default\">\n\t\t\t\t<div class=\"elementor-widget-container\">\n\t\t\t\t\t\t\t<div class=\"elementor-template\">\n\t\t\t\t\t<div data-elementor-type=\"container\" data-elementor-id=\"3892\" class=\"elementor elementor-3892 elementor-3628\" data-elementor-post-type=\"elementor_library\">\n\t\t\t\t<div class=\"elementor-element elementor-element-2fef1492 e-flex e-con-boxed e-con e-parent\" data-id=\"2fef1492\" data-element_type=\"container\" data-e-type=\"container\" data-settings=\"{&quot;background_background&quot;:&quot;classic&quot;}\">\n\t\t\t\t\t<div class=\"e-con-inner\">\n\t\t\t\t<div class=\"elementor-element elementor-element-30c4749e elementor-widget elementor-widget-heading\" data-id=\"30c4749e\" data-element_type=\"widget\" data-e-type=\"widget\" data-widget_type=\"heading.default\">\n\t\t\t\t<div class=\"elementor-widget-container\">\n\t\t\t\t\t<h2 class=\"elementor-heading-title elementor-size-default\">Von Ihrer Wohnung aus<br>\ndirekt in den Wald gehen<\/h2>\t\t\t\t<\/div>\n\t\t\t\t<\/div>\n\t\t\t\t<div class=\"elementor-element elementor-element-3f972117 elementor-widget elementor-widget-text-editor\" data-id=\"3f972117\" data-element_type=\"widget\" data-e-type=\"widget\" data-widget_type=\"text-editor.default\">\n\t\t\t\t<div class=\"elementor-widget-container\">\n\t\t\t\t\t\t\t\t\t<p>Beginnen Sie den Morgen mit einem atemberaubenden Blick von unserem Aussichtsturm, der 100 Meter von Ihrer Wohnung entfernt ist. Oder lassen Sie es etwas ruhiger angehen und machen Sie nach dem Fr\u00fchst\u00fcck einen kleinen Spaziergang durch unseren Innenhof.<\/p>\n\t\t\t\t\t\t\t\t<\/div>\n\t\t\t\t<\/div>\n\t\t\t\t<div class=\"elementor-element elementor-element-52bd8aad elementor-widget elementor-widget-button\" data-id=\"52bd8aad\" data-element_type=\"widget\" data-e-type=\"widget\" data-widget_type=\"button.default\">\n\t\t\t\t<div class=\"elementor-widget-container\">\n\t\t\t\t\t\t\t\t\t<div class=\"elementor-button-wrapper\">\n\t\t\t\t\t<a class=\"elementor-button elementor-button-link elementor-size-sm\" href=\"https:\/\/bos-en-duin.texelinformatie.nl\/\" target=\"_blank\">\n\t\t\t\t\t\t<span class=\"elementor-button-content-wrapper\">\n\t\t\t\t\t\t\t\t\t<span class=\"elementor-button-text\">360\u00ba Tour ansehen<\/span>\n\t\t\t\t\t<\/span>\n\t\t\t\t\t<\/a>\n\t\t\t\t<\/div>\n\t\t\t\t\t\t\t\t<\/div>\n\t\t\t\t<\/div>\n\t\t\t\t\t<\/div>\n\t\t\t\t<\/div>\n\t\t\t\t<\/div>\n\t\t\t\t<\/div>\n\t\t\t\t\t\t<\/div>\n\t\t\t\t<\/div>\n\t\t\t\t<\/div>\n\t\t\t\t<\/div>\n\t\t","protected":false},"excerpt":{"rendered":"<p>Eine Nacht auf Texel Eine Nacht auf Texel reicht gerade aus, um zwei wundersch\u00f6ne Tage zu verbringen. Sich ein wenig br\u00e4unen oder am Strand frische Luft schnappen. Bei einem so kurzen Aufenthalt ist es sch\u00f6n, wenn man nicht zu weit von all den sch\u00f6nen Dingen entfernt ist, die die Insel zu bieten hat. Unser Apartmenthotel [&hellip;]<\/p>\n","protected":false},"author":9,"featured_media":0,"parent":0,"menu_order":0,"comment_status":"closed","ping_status":"closed","template":"","meta":{"footnotes":""},"class_list":["post-5798","page","type-page","status-publish","hentry"],"_links":{"self":[{"href":"https:\/\/bosenduin-texel.nl\/de\/wp-json\/wp\/v2\/pages\/5798","targetHints":{"allow":["GET"]}}],"collection":[{"href":"https:\/\/bosenduin-texel.nl\/de\/wp-json\/wp\/v2\/pages"}],"about":[{"href":"https:\/\/bosenduin-texel.nl\/de\/wp-json\/wp\/v2\/types\/page"}],"author":[{"embeddable":true,"href":"https:\/\/bosenduin-texel.nl\/de\/wp-json\/wp\/v2\/users\/9"}],"replies":[{"embeddable":true,"href":"https:\/\/bosenduin-texel.nl\/de\/wp-json\/wp\/v2\/comments?post=5798"}],"version-history":[{"count":0,"href":"https:\/\/bosenduin-texel.nl\/de\/wp-json\/wp\/v2\/pages\/5798\/revisions"}],"wp:attachment":[{"href":"https:\/\/bosenduin-texel.nl\/de\/wp-json\/wp\/v2\/media?parent=5798"}],"curies":[{"name":"wp","href":"https:\/\/api.w.org\/{rel}","templated":true}]}}