{"id":5767,"date":"2023-06-26T09:50:39","date_gmt":"2023-06-26T08:50:39","guid":{"rendered":"https:\/\/bosenduin.wpenginepowered.com\/uebernachtung-auf-texel-mit-hund\/"},"modified":"2025-07-10T13:19:56","modified_gmt":"2025-07-10T12:19:56","slug":"uebernachtung-auf-texel-mit-hund","status":"publish","type":"page","link":"https:\/\/bosenduin-texel.nl\/de\/uebernachtung-auf-texel-mit-hund\/","title":{"rendered":"\u00dcbernachtung auf Texel mit Hund"},"content":{"rendered":"\t\t<div data-elementor-type=\"wp-page\" data-elementor-id=\"5767\" class=\"elementor elementor-5767 elementor-753\" data-elementor-post-type=\"page\">\n\t\t\t\t<div class=\"elementor-element elementor-element-481beb0 e-con-full e-flex e-con e-parent\" data-id=\"481beb0\" data-element_type=\"container\" data-e-type=\"container\">\n\t\t\t\t<div class=\"elementor-element elementor-element-36b1371 elementor-widget elementor-widget-template\" data-id=\"36b1371\" data-element_type=\"widget\" data-e-type=\"widget\" data-widget_type=\"template.default\">\n\t\t\t\t<div class=\"elementor-widget-container\">\n\t\t\t\t\t\t\t<div class=\"elementor-template\">\n\t\t\t\t\t<div data-elementor-type=\"section\" data-elementor-id=\"3890\" class=\"elementor elementor-3890 elementor-3717 elementor-3717\" data-elementor-post-type=\"elementor_library\">\n\t\t\t<div class=\"elementor-element elementor-element-8415b6c e-flex e-con-boxed e-con e-parent\" data-id=\"8415b6c\" data-element_type=\"container\" data-e-type=\"container\" data-settings=\"{&quot;background_background&quot;:&quot;classic&quot;}\">\n\t\t\t\t\t<div class=\"e-con-inner\">\n\t\t<div class=\"elementor-element elementor-element-60f372b e-flex e-con-boxed e-con e-child\" data-id=\"60f372b\" data-element_type=\"container\" data-e-type=\"container\">\n\t\t\t\t\t<div class=\"e-con-inner\">\n\t\t<div class=\"elementor-element elementor-element-b7c7cca custom-search e-flex e-con-boxed e-con e-child\" data-id=\"b7c7cca\" data-element_type=\"container\" data-e-type=\"container\">\n\t\t\t\t\t<div class=\"e-con-inner\">\n\t\t\t\t<div class=\"elementor-element elementor-element-6486976 elementor-widget elementor-widget-html\" data-id=\"6486976\" data-element_type=\"widget\" data-e-type=\"widget\" data-widget_type=\"html.default\">\n\t\t\t\t<div class=\"elementor-widget-container\">\n\t\t\t\t\t<h4>Eine Ferienwohnung buchen<\/h4>\t\t\t\t<\/div>\n\t\t\t\t<\/div>\n\t\t\t\t<div class=\"elementor-element elementor-element-b1b746c elementor-align-center elementor-mobile-align-center elementor-widget-mobile__width-inherit elementor-widget__width-inherit elementor-widget elementor-widget-button\" data-id=\"b1b746c\" data-element_type=\"widget\" data-e-type=\"widget\" data-widget_type=\"button.default\">\n\t\t\t\t<div class=\"elementor-widget-container\">\n\t\t\t\t\t\t\t\t\t<div class=\"elementor-button-wrapper\">\n\t\t\t\t\t<a class=\"elementor-button elementor-button-link elementor-size-xs\" href=\"https:\/\/bosenduin-texel.nl\/de\/ferienwohnung-texel\/\">\n\t\t\t\t\t\t<span class=\"elementor-button-content-wrapper\">\n\t\t\t\t\t\t\t\t\t<span class=\"elementor-button-text\">Verf\u00fcgbarkeit pr\u00fcfen<\/span>\n\t\t\t\t\t<\/span>\n\t\t\t\t\t<\/a>\n\t\t\t\t<\/div>\n\t\t\t\t\t\t\t\t<\/div>\n\t\t\t\t<\/div>\n\t\t\t\t<div class=\"elementor-element elementor-element-cadfa03 elementor-widget-divider--view-line elementor-widget elementor-widget-divider\" data-id=\"cadfa03\" data-element_type=\"widget\" data-e-type=\"widget\" data-widget_type=\"divider.default\">\n\t\t\t\t<div class=\"elementor-widget-container\">\n\t\t\t\t\t\t\t<div class=\"elementor-divider\">\n\t\t\t<span class=\"elementor-divider-separator\">\n\t\t\t\t\t\t<\/span>\n\t\t<\/div>\n\t\t\t\t\t\t<\/div>\n\t\t\t\t<\/div>\n\t\t\t\t<div class=\"elementor-element elementor-element-ca0ef9b elementor-widget elementor-widget-html\" data-id=\"ca0ef9b\" data-element_type=\"widget\" data-e-type=\"widget\" data-widget_type=\"html.default\">\n\t\t\t\t<div class=\"elementor-widget-container\">\n\t\t\t\t\t<h4>Buchen Sie direkt bei Bos en Duin<\/h4>\t\t\t\t<\/div>\n\t\t\t\t<\/div>\n\t\t\t\t<div class=\"elementor-element elementor-element-91fa5fd elementor-widget elementor-widget-html\" data-id=\"91fa5fd\" data-element_type=\"widget\" data-e-type=\"widget\" data-widget_type=\"html.default\">\n\t\t\t\t<div class=\"elementor-widget-container\">\n\t\t\t\t\t\n<ul class=\"seach-bottom-text\">\n  <li> Ein einzigartiger Ort auf Texel<\/li>\n\n  <li>W\u00e4hlen Sie Ihre eigene Wohnung<\/li>\n  <li>Kulinarisches Restaurant<\/li>\n<\/ul>\t\t\t\t<\/div>\n\t\t\t\t<\/div>\n\t\t\t\t\t<\/div>\n\t\t\t\t<\/div>\n\t\t\t\t\t<\/div>\n\t\t\t\t<\/div>\n\t\t\t\t\t<\/div>\n\t\t\t\t<\/div>\n\t\t\t\t<\/div>\n\t\t\t\t<\/div>\n\t\t\t\t\t\t<\/div>\n\t\t\t\t<\/div>\n\t\t\t\t<\/div>\n\t\t<div class=\"elementor-element elementor-element-c2228b9 e-flex e-con-boxed e-con e-parent\" data-id=\"c2228b9\" data-element_type=\"container\" data-e-type=\"container\">\n\t\t\t\t\t<div class=\"e-con-inner\">\n\t\t\t\t<div class=\"elementor-element elementor-element-58695870 elementor-widget elementor-widget-heading\" data-id=\"58695870\" data-element_type=\"widget\" data-e-type=\"widget\" data-widget_type=\"heading.default\">\n\t\t\t\t<div class=\"elementor-widget-container\">\n\t\t\t\t\t<h1 class=\"elementor-heading-title elementor-size-default\">\u00dcbernachtung auf Texel mit Hund.<\/h1>\t\t\t\t<\/div>\n\t\t\t\t<\/div>\n\t\t\t\t\t<\/div>\n\t\t\t\t<\/div>\n\t\t<div class=\"elementor-element elementor-element-be7b0ce e-flex e-con-boxed e-con e-parent\" data-id=\"be7b0ce\" data-element_type=\"container\" data-e-type=\"container\">\n\t\t\t\t\t<div class=\"e-con-inner\">\n\t\t\t\t<div class=\"elementor-element elementor-element-51e8c24 elementor-widget elementor-widget-text-editor\" data-id=\"51e8c24\" data-element_type=\"widget\" data-e-type=\"widget\" data-widget_type=\"text-editor.default\">\n\t\t\t\t<div class=\"elementor-widget-container\">\n\t\t\t\t\t\t\t\t\t<p>Buchen Sie jetzt Ihre \u00dcbernachtung Texel mit Hund bei Bos en Duin. Gelegen am Rande des Nationalparks De Duinen van Texel, nur 2 km vom Strand entfernt. Von Ihrer Wohnung aus haben Sie einen Blick auf die W\u00e4lder des Naturschutzgebietes oder auf die Zwiebelfelder und Wiesen des Texeler Ackerlandes. Mit den ca. 3 km entfernten Inseld\u00f6rfern Den Burg und Den Hoorn sind Sie immer in der N\u00e4he von Unterhaltungsm\u00f6glichkeiten, Superm\u00e4rkten und gem\u00fctlichen Dorfzentren. Auf Texel kann Ihr Hund an den meisten Str\u00e4nden frei laufen. Nur zwischen den Strandpfosten 12 und 21 und s\u00fcdlich von Pfosten 8 gilt zwischen dem 1. M\u00e4rz und dem 1. September eine Leinenpflicht.     <\/p><p>Eine \u00dcbernachtung auf Texel mit Ihrem Hund k\u00f6nnen Sie ganz einfach im Appartementhotel Bos en Duin buchen. Am Rande des Waldes und mit dem Strand in der N\u00e4he, gibt es eine perfekte Umgebung, um zusammen zu genie\u00dfen. Verbringen Sie eine Nacht auf Texel mit Ihrem Hund in einer unserer komfortabel eingerichteten Wohnungen. In unserem Appartementhotel gibt es mehrere Appartements, die sich f\u00fcr eine \u00dcbernachtung mit Ihrem Hund auf Texel eignen. Zum Beispiel im Erdgeschoss, wo Sie Ihre eigene Terrasse haben, um gemeinsam die Sonne zu genie\u00dfen.    <\/p><p>Eine \u00dcbernachtung auf Texel mit Hund bietet alle M\u00f6glichkeiten, die Insel zu erkunden. Von Ihrer Wohnung aus k\u00f6nnen Sie gemeinsam direkt in den Wald gehen. Oder vielleicht liebt es Ihr Hund, sich auszutoben und zu rennen. Dann macht es Spa\u00df, w\u00e4hrend Ihrer \u00dcbernachtung auf Texel ein Fahrrad bei uns zu mieten. Auf diese Weise ist es ideal, um lange Strecken gemeinsam zur\u00fcckzulegen. Auf Wunsch k\u00f6nnen Sie die von uns bereitgestellten Fahrradrouten nutzen.<\/p>\t\t\t\t\t\t\t\t<\/div>\n\t\t\t\t<\/div>\n\t\t\t\t<div class=\"elementor-element elementor-element-404a3881 elementor-widget elementor-widget-heading\" data-id=\"404a3881\" data-element_type=\"widget\" data-e-type=\"widget\" data-widget_type=\"heading.default\">\n\t\t\t\t<div class=\"elementor-widget-container\">\n\t\t\t\t\t<h2 class=\"elementor-heading-title elementor-size-default\">Familienspa\u00df<\/h2>\t\t\t\t<\/div>\n\t\t\t\t<\/div>\n\t\t\t\t<div class=\"elementor-element elementor-element-9987f3c elementor-widget elementor-widget-text-editor\" data-id=\"9987f3c\" data-element_type=\"widget\" data-e-type=\"widget\" data-widget_type=\"text-editor.default\">\n\t\t\t\t<div class=\"elementor-widget-container\">\n\t\t\t\t\t\t\t\t\t<p>Wenn Sie einen Ausflug nach Texel einplanen k\u00f6nnen, ist es sch\u00f6n, mit der ganzen Familie zu fahren. Denken Sie nicht, dass es schwierig ist, auf Texel mit Hund und Kindern zu \u00fcbernachten. Bei Bos en Duin gilt das Motto: je mehr, desto besser. F\u00fcr Kinder haben wir auf dem Gel\u00e4nde einen Minispielplatz mit einigen Spielger\u00e4ten. In der Kantine gibt es eine Tischtennisplatte und Sie k\u00f6nnen bei uns (elektrische) Fahrr\u00e4der mieten. In den benachbarten W\u00e4ldern gibt es verschiedene ATB-, Wander- und Fahrradrouten, denen Sie sich leicht anschlie\u00dfen k\u00f6nnen. Auch der ber\u00fchmte Wachturm von Fonteinsnol ist weniger als 100 Meter von unserem Park entfernt.      <\/p><p>Hunde sind bei Bos und Duin immer willkommen. Der Platz und die Umgebung, die wir anbieten, sind perfekt f\u00fcr eine Nacht auf Texel mit Hund. ge der Wohnungen sind auch f\u00fcr Haustiere geeignet. In der Beschreibung ist ausdr\u00fccklich angegeben, ob es m\u00f6glich ist, mit Ihrem Hund in der betreffenden Wohnung zu \u00fcbernachten. Auf diese Weise entstehen keine Unklarheiten. \u00dcbrigens ist Texel eine Insel, auf der, wie auf Bos en Duin, Hunde fast \u00fcberall willkommen sind. Wasser, der bereits drau\u00dfen auf der Terrasse steht. Au\u00dferdem gibt es an bestimmten Strandabschnitten die M\u00f6glichkeit, mit Ihrem vierbeinigen Freund spazieren zu gehen.<\/p>\t\t\t\t\t\t\t\t<\/div>\n\t\t\t\t<\/div>\n\t\t\t\t<div class=\"elementor-element elementor-element-18699f7 elementor-widget elementor-widget-heading\" data-id=\"18699f7\" data-element_type=\"widget\" data-e-type=\"widget\" data-widget_type=\"heading.default\">\n\t\t\t\t<div class=\"elementor-widget-container\">\n\t\t\t\t\t<h2 class=\"elementor-heading-title elementor-size-default\">Sie w\u00e4hlen Ihren eigenen Komfort<\/h2>\t\t\t\t<\/div>\n\t\t\t\t<\/div>\n\t\t\t\t<div class=\"elementor-element elementor-element-f63ecff elementor-widget elementor-widget-text-editor\" data-id=\"f63ecff\" data-element_type=\"widget\" data-e-type=\"widget\" data-widget_type=\"text-editor.default\">\n\t\t\t\t<div class=\"elementor-widget-container\">\n\t\t\t\t\t\t\t\t\t<p>Der Vorteil eines Aparthotels ist, dass Sie den Grad Ihres Komforts selbst bestimmen. Wenn Sie es w\u00fcnschen, k\u00f6nnen Sie unseren Br\u00f6tchenservice nutzen. Es ist auch m\u00f6glich, Ihr eigenes Fr\u00fchst\u00fcck und\/oder Ihre eigene Mahlzeit in der Kochnische oder der kompletten K\u00fcche Ihrer Wohnung zuzubereiten. Wenn Sie sich entschlie\u00dfen, mit Ihrem Hund auf Texel zu \u00fcbernachten, haben wir sch\u00f6ne Erdgeschosswohnungen f\u00fcr Sie zur Verf\u00fcgung. Bei uns m\u00fcssen Sie mit Ihrem Haustier weder einen Aufzug betreten noch Treppen steigen. Genau wie die Unterk\u00fcnfte in der ersten und zweiten Etage verf\u00fcgen die Wohnungen im Erdgeschoss \u00fcber luxuri\u00f6se Hotelbetten mit waschbaren Bettdecken.    <\/p><p>In unserer Apartmentanlage m\u00f6chten wir Ihnen mit unserem Hotelservice zus\u00e4tzlichen Komfort bieten. Zum Beispiel, indem wir einen Fr\u00fchst\u00fccksservice anbieten. Oder wenn Sie m\u00f6chten, k\u00f6nnen Sie ein Fr\u00fchst\u00fccksbuffet genie\u00dfen. Au\u00dferdem bieten wir Ihnen kostenloses WLAN und einen Parkplatz, auf dem Sie Ihr Auto kostenlos abstellen k\u00f6nnen. Zum Mittag- oder Abendessen empfehlen wir Ihnen das Restaurant Bosq, damit Sie eine \u00dcbernachtung auf Texel mit Ihrem Hund in vollen Z\u00fcgen genie\u00dfen k\u00f6nnen.     <\/p><p>In unserer Apartmentanlage m\u00f6chten wir Ihnen mit unserem Hotelservice zus\u00e4tzlichen Komfort bieten. Zum Beispiel, indem wir einen Fr\u00fchst\u00fccksservice anbieten. Oder wenn Sie m\u00f6chten, k\u00f6nnen Sie ein Fr\u00fchst\u00fccksbuffet genie\u00dfen. Au\u00dferdem bieten wir Ihnen kostenloses WLAN und einen Parkplatz, wo Sie Ihr Auto kostenlos abstellen k\u00f6nnen. Zum Mittag- oder Abendessen empfehlen wir Ihnen das Restaurant Bosq, damit Sie Ihren Aufenthalt auf Texel mit Ihrem Hund optimal ausnutzen k\u00f6nnen.     <\/p>\t\t\t\t\t\t\t\t<\/div>\n\t\t\t\t<\/div>\n\t\t\t\t<div class=\"elementor-element elementor-element-d20184b elementor-widget elementor-widget-heading\" data-id=\"d20184b\" data-element_type=\"widget\" data-e-type=\"widget\" data-widget_type=\"heading.default\">\n\t\t\t\t<div class=\"elementor-widget-container\">\n\t\t\t\t\t<h2 class=\"elementor-heading-title elementor-size-default\">\u00d6ffentliche Verkehrsmittel und Parkpl\u00e4tze auf Texel\n<\/h2>\t\t\t\t<\/div>\n\t\t\t\t<\/div>\n\t\t\t\t<div class=\"elementor-element elementor-element-12cb210 elementor-widget elementor-widget-text-editor\" data-id=\"12cb210\" data-element_type=\"widget\" data-e-type=\"widget\" data-widget_type=\"text-editor.default\">\n\t\t\t\t<div class=\"elementor-widget-container\">\n\t\t\t\t\t\t\t\t\t<p>Wenn Sie mit einem Hund f\u00fcr eine Nacht nach Texel kommen, sind Sie nicht an Ihren eigenen Transport gebunden. Der Texeler Nahverkehrsdienst Texelhopper nimmt Hunde kostenlos mit. F\u00fcr gro\u00dfe Hunde wird eine Geb\u00fchr erhoben. Der Texelhopper f\u00e4hrt \u00fcber die ganze Insel und hat mehr als 130 Abholstellen. Die Hopper-Vans k\u00f6nnen auch nach Zeit und Ort bestellt werden. Das Parken ist auf Texel nicht kostenlos. Sie k\u00f6nnen einfach eine Tageskarte an den Automaten kaufen. Unter e-vignet.nl k\u00f6nnen Sie eine Texel-E-Vignette f\u00fcr die Dauer Ihres Aufenthalts kaufen. Nat\u00fcrlich ist das Parken auf dem Gel\u00e4nde von Bos en Duin kostenlos.        <\/p>\t\t\t\t\t\t\t\t<\/div>\n\t\t\t\t<\/div>\n\t\t\t\t<div class=\"elementor-element elementor-element-958ca81 elementor-widget elementor-widget-heading\" data-id=\"958ca81\" data-element_type=\"widget\" data-e-type=\"widget\" data-widget_type=\"heading.default\">\n\t\t\t\t<div class=\"elementor-widget-container\">\n\t\t\t\t\t<h2 class=\"elementor-heading-title elementor-size-default\">Abendessen<\/h2>\t\t\t\t<\/div>\n\t\t\t\t<\/div>\n\t\t\t\t<div class=\"elementor-element elementor-element-868a299 elementor-widget elementor-widget-text-editor\" data-id=\"868a299\" data-element_type=\"widget\" data-e-type=\"widget\" data-widget_type=\"text-editor.default\">\n\t\t\t\t<div class=\"elementor-widget-container\">\n\t\t\t\t\t\t\t\t\t<p>Wenn Sie mit einem Hund auf Texel \u00fcbernachten wollen, ist es einfach, im Voraus zu vereinbaren, wo Sie essen k\u00f6nnen. Schlie\u00dflich sind nicht alle Gastst\u00e4tten bereit, einen sandigen Hund aufzunehmen. Bei Bos en Duin ist es in dieser Hinsicht ganz einfach.     <\/p>\t\t\t\t\t\t\t\t<\/div>\n\t\t\t\t<\/div>\n\t\t\t\t<div class=\"elementor-element elementor-element-ea1b29d elementor-widget elementor-widget-heading\" data-id=\"ea1b29d\" data-element_type=\"widget\" data-e-type=\"widget\" data-widget_type=\"heading.default\">\n\t\t\t\t<div class=\"elementor-widget-container\">\n\t\t\t\t\t<h2 class=\"elementor-heading-title elementor-size-default\">Wandern und radfahren auf texel<\/h2>\t\t\t\t<\/div>\n\t\t\t\t<\/div>\n\t\t\t\t<div class=\"elementor-element elementor-element-b24c5a6 elementor-widget elementor-widget-text-editor\" data-id=\"b24c5a6\" data-element_type=\"widget\" data-e-type=\"widget\" data-widget_type=\"text-editor.default\">\n\t\t\t\t<div class=\"elementor-widget-container\">\n\t\t\t\t\t\t\t\t\t<p>F\u00fcr einige \u00dcbernachtungen auf Texel mit dem Hund, ist es m\u00f6glich, dass Sie eine lange Radtour machen werden. Gut zu wissen, dass Sie bei uns auch Fahrr\u00e4der mieten k\u00f6nnen. Vielleicht geht Ihr Hund gerne mit Ihnen spazieren, vielleicht passt er aber auch nur in einen Fahrradkorb. Wenn Sie eher ein Wanderer sind, k\u00f6nnen Sie auch in alle Richtungen gehen. Durch die W\u00e4lder und D\u00fcnen zum Meer und zum nahe gelegenen Wachturm Fonteinsnol. Wenn Ihnen ein Kilometer mehr oder weniger nichts ausmacht, k\u00f6nnen wir Ihnen eine Runde Bollekamer w\u00e4rmstens empfehlen.     <\/p>\t\t\t\t\t\t\t\t<\/div>\n\t\t\t\t<\/div>\n\t\t\t\t\t<\/div>\n\t\t\t\t<\/div>\n\t\t<div class=\"elementor-element elementor-element-d3590b5 e-con-full e-flex e-con e-parent\" data-id=\"d3590b5\" data-element_type=\"container\" data-e-type=\"container\">\n\t\t\t\t<div class=\"elementor-element elementor-element-91cd3b3 elementor-widget elementor-widget-template\" data-id=\"91cd3b3\" data-element_type=\"widget\" data-e-type=\"widget\" data-widget_type=\"template.default\">\n\t\t\t\t<div class=\"elementor-widget-container\">\n\t\t\t\t\t\t\t<div class=\"elementor-template\">\n\t\t\t\t\t<div data-elementor-type=\"container\" data-elementor-id=\"3892\" class=\"elementor elementor-3892 elementor-3628 elementor-3628\" data-elementor-post-type=\"elementor_library\">\n\t\t\t\t<div class=\"elementor-element elementor-element-2fef1492 e-flex e-con-boxed e-con e-parent\" data-id=\"2fef1492\" data-element_type=\"container\" data-e-type=\"container\" data-settings=\"{&quot;background_background&quot;:&quot;classic&quot;}\">\n\t\t\t\t\t<div class=\"e-con-inner\">\n\t\t\t\t<div class=\"elementor-element elementor-element-30c4749e elementor-widget elementor-widget-heading\" data-id=\"30c4749e\" data-element_type=\"widget\" data-e-type=\"widget\" data-widget_type=\"heading.default\">\n\t\t\t\t<div class=\"elementor-widget-container\">\n\t\t\t\t\t<h2 class=\"elementor-heading-title elementor-size-default\">Von Ihrer Wohnung aus<br>\ndirekt in den Wald gehen<\/h2>\t\t\t\t<\/div>\n\t\t\t\t<\/div>\n\t\t\t\t<div class=\"elementor-element elementor-element-3f972117 elementor-widget elementor-widget-text-editor\" data-id=\"3f972117\" data-element_type=\"widget\" data-e-type=\"widget\" data-widget_type=\"text-editor.default\">\n\t\t\t\t<div class=\"elementor-widget-container\">\n\t\t\t\t\t\t\t\t\t<p>Beginnen Sie den Morgen mit einem atemberaubenden Blick von unserem Aussichtsturm, der 100 Meter von Ihrer Wohnung entfernt ist. Oder lassen Sie es etwas ruhiger angehen und machen Sie nach dem Fr\u00fchst\u00fcck einen kleinen Spaziergang durch unseren Innenhof.<\/p>\n\t\t\t\t\t\t\t\t<\/div>\n\t\t\t\t<\/div>\n\t\t\t\t<div class=\"elementor-element elementor-element-52bd8aad elementor-widget elementor-widget-button\" data-id=\"52bd8aad\" data-element_type=\"widget\" data-e-type=\"widget\" data-widget_type=\"button.default\">\n\t\t\t\t<div class=\"elementor-widget-container\">\n\t\t\t\t\t\t\t\t\t<div class=\"elementor-button-wrapper\">\n\t\t\t\t\t<a class=\"elementor-button elementor-button-link elementor-size-sm\" href=\"https:\/\/bos-en-duin.texelinformatie.nl\/\" target=\"_blank\">\n\t\t\t\t\t\t<span class=\"elementor-button-content-wrapper\">\n\t\t\t\t\t\t\t\t\t<span class=\"elementor-button-text\">360\u00ba Tour ansehen<\/span>\n\t\t\t\t\t<\/span>\n\t\t\t\t\t<\/a>\n\t\t\t\t<\/div>\n\t\t\t\t\t\t\t\t<\/div>\n\t\t\t\t<\/div>\n\t\t\t\t\t<\/div>\n\t\t\t\t<\/div>\n\t\t\t\t<\/div>\n\t\t\t\t<\/div>\n\t\t\t\t\t\t<\/div>\n\t\t\t\t<\/div>\n\t\t\t\t<\/div>\n\t\t\t\t<\/div>\n\t\t","protected":false},"excerpt":{"rendered":"<p>\u00dcbernachtung auf Texel mit Hund. Buchen Sie jetzt Ihre \u00dcbernachtung Texel mit Hund bei Bos en Duin. Gelegen am Rande des Nationalparks De Duinen van Texel, nur 2 km vom Strand entfernt. Von Ihrer Wohnung aus haben Sie einen Blick auf die W\u00e4lder des Naturschutzgebietes oder auf die Zwiebelfelder und Wiesen des Texeler Ackerlandes. Mit [&hellip;]<\/p>\n","protected":false},"author":9,"featured_media":0,"parent":0,"menu_order":0,"comment_status":"closed","ping_status":"closed","template":"","meta":{"footnotes":""},"class_list":["post-5767","page","type-page","status-publish","hentry"],"_links":{"self":[{"href":"https:\/\/bosenduin-texel.nl\/de\/wp-json\/wp\/v2\/pages\/5767","targetHints":{"allow":["GET"]}}],"collection":[{"href":"https:\/\/bosenduin-texel.nl\/de\/wp-json\/wp\/v2\/pages"}],"about":[{"href":"https:\/\/bosenduin-texel.nl\/de\/wp-json\/wp\/v2\/types\/page"}],"author":[{"embeddable":true,"href":"https:\/\/bosenduin-texel.nl\/de\/wp-json\/wp\/v2\/users\/9"}],"replies":[{"embeddable":true,"href":"https:\/\/bosenduin-texel.nl\/de\/wp-json\/wp\/v2\/comments?post=5767"}],"version-history":[{"count":0,"href":"https:\/\/bosenduin-texel.nl\/de\/wp-json\/wp\/v2\/pages\/5767\/revisions"}],"wp:attachment":[{"href":"https:\/\/bosenduin-texel.nl\/de\/wp-json\/wp\/v2\/media?parent=5767"}],"curies":[{"name":"wp","href":"https:\/\/api.w.org\/{rel}","templated":true}]}}