{"id":5730,"date":"2025-01-07T12:10:48","date_gmt":"2025-01-07T11:10:48","guid":{"rendered":"https:\/\/bosenduin.wpenginepowered.com\/pfingsten-auf-texel\/"},"modified":"2025-04-07T13:27:11","modified_gmt":"2025-04-07T12:27:11","slug":"pfingsten-auf-texel","status":"publish","type":"page","link":"https:\/\/bosenduin-texel.nl\/de\/pfingsten-auf-texel\/","title":{"rendered":"Pfingsten auf Texel"},"content":{"rendered":"\t\t<div data-elementor-type=\"wp-page\" data-elementor-id=\"5730\" class=\"elementor elementor-5730 elementor-5616\" data-elementor-post-type=\"page\">\n\t\t\t\t<div class=\"elementor-element elementor-element-0419e68 e-con-full e-flex e-con e-parent\" data-id=\"0419e68\" data-element_type=\"container\" data-e-type=\"container\">\n\t\t\t\t<div class=\"elementor-element elementor-element-5774b37 elementor-widget elementor-widget-template\" data-id=\"5774b37\" data-element_type=\"widget\" data-e-type=\"widget\" data-widget_type=\"template.default\">\n\t\t\t\t<div class=\"elementor-widget-container\">\n\t\t\t\t\t\t\t<div class=\"elementor-template\">\n\t\t\t\t\t<div data-elementor-type=\"section\" data-elementor-id=\"3890\" class=\"elementor elementor-3890 elementor-3717\" data-elementor-post-type=\"elementor_library\">\n\t\t\t<div class=\"elementor-element elementor-element-8415b6c e-flex e-con-boxed e-con e-parent\" data-id=\"8415b6c\" data-element_type=\"container\" data-e-type=\"container\" data-settings=\"{&quot;background_background&quot;:&quot;classic&quot;}\">\n\t\t\t\t\t<div class=\"e-con-inner\">\n\t\t<div class=\"elementor-element elementor-element-60f372b e-flex e-con-boxed e-con e-child\" data-id=\"60f372b\" data-element_type=\"container\" data-e-type=\"container\">\n\t\t\t\t\t<div class=\"e-con-inner\">\n\t\t<div class=\"elementor-element elementor-element-b7c7cca custom-search e-flex e-con-boxed e-con e-child\" data-id=\"b7c7cca\" data-element_type=\"container\" data-e-type=\"container\">\n\t\t\t\t\t<div class=\"e-con-inner\">\n\t\t\t\t<div class=\"elementor-element elementor-element-6486976 elementor-widget elementor-widget-html\" data-id=\"6486976\" data-element_type=\"widget\" data-e-type=\"widget\" data-widget_type=\"html.default\">\n\t\t\t\t<div class=\"elementor-widget-container\">\n\t\t\t\t\t<h4>Eine Ferienwohnung buchen<\/h4>\t\t\t\t<\/div>\n\t\t\t\t<\/div>\n\t\t\t\t<div class=\"elementor-element elementor-element-b1b746c elementor-align-center elementor-mobile-align-center elementor-widget-mobile__width-inherit elementor-widget__width-inherit elementor-widget elementor-widget-button\" data-id=\"b1b746c\" data-element_type=\"widget\" data-e-type=\"widget\" data-widget_type=\"button.default\">\n\t\t\t\t<div class=\"elementor-widget-container\">\n\t\t\t\t\t\t\t\t\t<div class=\"elementor-button-wrapper\">\n\t\t\t\t\t<a class=\"elementor-button elementor-button-link elementor-size-xs\" href=\"https:\/\/bosenduin-texel.nl\/de\/ferienwohnung-texel\/\">\n\t\t\t\t\t\t<span class=\"elementor-button-content-wrapper\">\n\t\t\t\t\t\t\t\t\t<span class=\"elementor-button-text\">Verf\u00fcgbarkeit pr\u00fcfen<\/span>\n\t\t\t\t\t<\/span>\n\t\t\t\t\t<\/a>\n\t\t\t\t<\/div>\n\t\t\t\t\t\t\t\t<\/div>\n\t\t\t\t<\/div>\n\t\t\t\t<div class=\"elementor-element elementor-element-cadfa03 elementor-widget-divider--view-line elementor-widget elementor-widget-divider\" data-id=\"cadfa03\" data-element_type=\"widget\" data-e-type=\"widget\" data-widget_type=\"divider.default\">\n\t\t\t\t<div class=\"elementor-widget-container\">\n\t\t\t\t\t\t\t<div class=\"elementor-divider\">\n\t\t\t<span class=\"elementor-divider-separator\">\n\t\t\t\t\t\t<\/span>\n\t\t<\/div>\n\t\t\t\t\t\t<\/div>\n\t\t\t\t<\/div>\n\t\t\t\t<div class=\"elementor-element elementor-element-ca0ef9b elementor-widget elementor-widget-html\" data-id=\"ca0ef9b\" data-element_type=\"widget\" data-e-type=\"widget\" data-widget_type=\"html.default\">\n\t\t\t\t<div class=\"elementor-widget-container\">\n\t\t\t\t\t<h4>Buchen Sie direkt bei Bos en Duin<\/h4>\t\t\t\t<\/div>\n\t\t\t\t<\/div>\n\t\t\t\t<div class=\"elementor-element elementor-element-91fa5fd elementor-widget elementor-widget-html\" data-id=\"91fa5fd\" data-element_type=\"widget\" data-e-type=\"widget\" data-widget_type=\"html.default\">\n\t\t\t\t<div class=\"elementor-widget-container\">\n\t\t\t\t\t\n<ul class=\"seach-bottom-text\">\n  <li> Ein einzigartiger Ort auf Texel<\/li>\n\n  <li>W\u00e4hlen Sie Ihre eigene Wohnung<\/li>\n  <li>Kulinarisches Restaurant<\/li>\n<\/ul>\t\t\t\t<\/div>\n\t\t\t\t<\/div>\n\t\t\t\t\t<\/div>\n\t\t\t\t<\/div>\n\t\t\t\t\t<\/div>\n\t\t\t\t<\/div>\n\t\t\t\t\t<\/div>\n\t\t\t\t<\/div>\n\t\t\t\t<\/div>\n\t\t\t\t<\/div>\n\t\t\t\t\t\t<\/div>\n\t\t\t\t<\/div>\n\t\t\t\t<\/div>\n\t\t<div class=\"elementor-element elementor-element-50229240 e-flex e-con-boxed e-con e-parent\" data-id=\"50229240\" data-element_type=\"container\" data-e-type=\"container\">\n\t\t\t\t\t<div class=\"e-con-inner\">\n\t\t\t\t<div class=\"elementor-element elementor-element-71b53962 elementor-widget elementor-widget-heading\" data-id=\"71b53962\" data-element_type=\"widget\" data-e-type=\"widget\" data-widget_type=\"heading.default\">\n\t\t\t\t<div class=\"elementor-widget-container\">\n\t\t\t\t\t<h1 class=\"elementor-heading-title elementor-size-default\">Pfingsten auf Texel<\/h1>\t\t\t\t<\/div>\n\t\t\t\t<\/div>\n\t\t\t\t<div class=\"elementor-element elementor-element-37f361fb elementor-widget elementor-widget-text-editor\" data-id=\"37f361fb\" data-element_type=\"widget\" data-e-type=\"widget\" data-widget_type=\"text-editor.default\">\n\t\t\t\t<div class=\"elementor-widget-container\">\n\t\t\t\t\t\t\t\t\t<p>Genie\u00dfen Sie die Pfingstferien in einer sch\u00f6nen Wohnung auf Texel und die Natur gleich nebenan. Bei Bos en Duin finden Sie das alles. Ob Sie zu zweit oder mit der ganzen Familie verreisen, wir bieten Wohnungen f\u00fcr jeden Geschmack und jedes Komfortbed\u00fcrfnis. Unsere Unterk\u00fcnfte sind modern eingerichtet und bieten Platz f\u00fcr 2 bis 4 Personen, was sie ideal f\u00fcr Paare und kleinere Gruppen macht. Auch wenn Sie mit 3 Personen unterwegs sind, sind unsere Wohnungen eine gute Wahl. Erleben Sie in Ihrem Pfingsturlaub die perfekte Mischung aus Entspannung und Komfort.<\/p>\n\t\t\t\t\t\t\t\t<\/div>\n\t\t\t\t<\/div>\n\t\t\t\t\t<\/div>\n\t\t\t\t<\/div>\n\t\t<div class=\"elementor-element elementor-element-0c0b77d e-flex e-con-boxed e-con e-parent\" data-id=\"0c0b77d\" data-element_type=\"container\" data-e-type=\"container\">\n\t\t\t\t\t<div class=\"e-con-inner\">\n\t\t<div class=\"elementor-element elementor-element-6dd5e6c e-flex e-con-boxed e-con e-child\" data-id=\"6dd5e6c\" data-element_type=\"container\" data-e-type=\"container\">\n\t\t\t\t\t<div class=\"e-con-inner\">\n\t\t<div class=\"elementor-element elementor-element-d3a1821 e-flex e-con-boxed e-con e-child\" data-id=\"d3a1821\" data-element_type=\"container\" data-e-type=\"container\">\n\t\t\t\t\t<div class=\"e-con-inner\">\n\t\t<div class=\"elementor-element elementor-element-74a03f9 e-flex e-con-boxed e-con e-child\" data-id=\"74a03f9\" data-element_type=\"container\" data-e-type=\"container\" data-settings=\"{&quot;background_background&quot;:&quot;classic&quot;}\">\n\t\t\t\t\t<div class=\"e-con-inner\">\n\t\t\t\t<div class=\"elementor-element elementor-element-ad646e1 elementor-widget elementor-widget-heading\" data-id=\"ad646e1\" data-element_type=\"widget\" data-e-type=\"widget\" data-widget_type=\"heading.default\">\n\t\t\t\t<div class=\"elementor-widget-container\">\n\t\t\t\t\t<h4 class=\"elementor-heading-title elementor-size-default\">Genie\u00dfen Sie Pfingsten auf Texel <\/h4>\t\t\t\t<\/div>\n\t\t\t\t<\/div>\n\t\t\t\t<div class=\"elementor-element elementor-element-be7566c elementor-widget elementor-widget-text-editor\" data-id=\"be7566c\" data-element_type=\"widget\" data-e-type=\"widget\" data-widget_type=\"text-editor.default\">\n\t\t\t\t<div class=\"elementor-widget-container\">\n\t\t\t\t\t\t\t\t\t<p>Wir bieten eine gro\u00dfe Auswahl an Wohnungen f\u00fcr 2-4 Personen. Jede Wohnung ist anders eingerichtet. Informieren Sie sich \u00fcber die vielen M\u00f6glichkeiten f\u00fcr einen sch\u00f6nen Pfingsturlaub. <\/p>\n\t\t\t\t\t\t\t\t<\/div>\n\t\t\t\t<\/div>\n\t\t\t\t<div class=\"elementor-element elementor-element-9663290 elementor-align-left elementor-widget elementor-widget-button\" data-id=\"9663290\" data-element_type=\"widget\" data-e-type=\"widget\" data-widget_type=\"button.default\">\n\t\t\t\t<div class=\"elementor-widget-container\">\n\t\t\t\t\t\t\t\t\t<div class=\"elementor-button-wrapper\">\n\t\t\t\t\t<a class=\"elementor-button elementor-button-link elementor-size-sm\" href=\"https:\/\/bosenduin-texel.nl\/de\/ferienwohnung-texel\/\">\n\t\t\t\t\t\t<span class=\"elementor-button-content-wrapper\">\n\t\t\t\t\t\t\t\t\t<span class=\"elementor-button-text\">Suchen<\/span>\n\t\t\t\t\t<\/span>\n\t\t\t\t\t<\/a>\n\t\t\t\t<\/div>\n\t\t\t\t\t\t\t\t<\/div>\n\t\t\t\t<\/div>\n\t\t\t\t\t<\/div>\n\t\t\t\t<\/div>\n\t\t<div class=\"elementor-element elementor-element-d3d1f7f e-flex e-con-boxed e-con e-child\" data-id=\"d3d1f7f\" data-element_type=\"container\" data-e-type=\"container\">\n\t\t\t\t\t<div class=\"e-con-inner\">\n\t\t\t\t<div class=\"elementor-element elementor-element-1be342b elementor-widget elementor-widget-image\" data-id=\"1be342b\" data-element_type=\"widget\" data-e-type=\"widget\" data-widget_type=\"image.default\">\n\t\t\t\t<div class=\"elementor-widget-container\">\n\t\t\t\t\t\t\t\t\t\t\t\t\t\t\t<img fetchpriority=\"high\" decoding=\"async\" width=\"800\" height=\"533\" src=\"https:\/\/bosenduin-texel.nl\/wp-content\/uploads\/2023\/06\/Appartement-met-uitzicht-op-het-noorden-op-texel-30-5.jpg\" class=\"attachment-large size-large wp-image-3148\" alt=\"\" srcset=\"https:\/\/bosenduin-texel.nl\/wp-content\/uploads\/2023\/06\/Appartement-met-uitzicht-op-het-noorden-op-texel-30-5.jpg 800w, https:\/\/bosenduin-texel.nl\/wp-content\/uploads\/2023\/06\/Appartement-met-uitzicht-op-het-noorden-op-texel-30-5-300x200.jpg 300w, https:\/\/bosenduin-texel.nl\/wp-content\/uploads\/2023\/06\/Appartement-met-uitzicht-op-het-noorden-op-texel-30-5-768x512.jpg 768w\" sizes=\"(max-width: 800px) 100vw, 800px\" \/>\t\t\t\t\t\t\t\t\t\t\t\t\t\t\t<\/div>\n\t\t\t\t<\/div>\n\t\t\t\t\t<\/div>\n\t\t\t\t<\/div>\n\t\t\t\t\t<\/div>\n\t\t\t\t<\/div>\n\t\t\t\t\t<\/div>\n\t\t\t\t<\/div>\n\t\t\t\t\t<\/div>\n\t\t\t\t<\/div>\n\t\t<div class=\"elementor-element elementor-element-7cd1928 e-flex e-con-boxed e-con e-parent\" data-id=\"7cd1928\" data-element_type=\"container\" data-e-type=\"container\">\n\t\t\t\t\t<div class=\"e-con-inner\">\n\t\t\t\t<div class=\"elementor-element elementor-element-dd52857 elementor-widget elementor-widget-heading\" data-id=\"dd52857\" data-element_type=\"widget\" data-e-type=\"widget\" data-widget_type=\"heading.default\">\n\t\t\t\t<div class=\"elementor-widget-container\">\n\t\t\t\t\t<h2 class=\"elementor-heading-title elementor-size-default\">Parken Sie Ihr Auto in Ihrer Wohnung<\/h2>\t\t\t\t<\/div>\n\t\t\t\t<\/div>\n\t\t\t\t<div class=\"elementor-element elementor-element-da0d2d6 elementor-widget elementor-widget-text-editor\" data-id=\"da0d2d6\" data-element_type=\"widget\" data-e-type=\"widget\" data-widget_type=\"text-editor.default\">\n\t\t\t\t<div class=\"elementor-widget-container\">\n\t\t\t\t\t\t\t\t\t<p>Unsere Wohnungen sind stilvoll und komfortabel eingerichtet und bieten Ihnen alle Annehmlichkeiten f\u00fcr Ihren Aufenthalt auf Texel. Jede Wohnung verf\u00fcgt \u00fcber eine gem\u00fctliche Sitzecke, in der Sie sich entspannen k\u00f6nnen, eine gut ausgestattete K\u00fcche, in der Sie Ihre eigenen Mahlzeiten zubereiten k\u00f6nnen, und ein eigenes Bad, das Ihnen die gew\u00fcnschte Privatsph\u00e4re bietet.<\/p>\n<p>Um Ihren Aufenthalt noch angenehmer zu gestalten, bietet Bos en Duin kostenloses WLAN und ausreichend Parkpl\u00e4tze. F\u00fcr Fahrradliebhaber gibt es einen praktischen Fahrradschuppen mit Ladestationen f\u00fcr Elektrofahrr\u00e4der. Ob Sie sich f\u00fcr einen erholsamen Urlaub in der Natur entscheiden oder auf der Suche nach Abenteuern sind, Bos en Duin bietet alles, was Ihren Pfingsturlaub auf Texel unvergesslich macht.<\/p>\t\t\t\t\t\t\t\t<\/div>\n\t\t\t\t<\/div>\n\t\t\t\t\t<\/div>\n\t\t\t\t<\/div>\n\t\t<div class=\"elementor-element elementor-element-1161f94 e-con-full e-flex e-con e-parent\" data-id=\"1161f94\" data-element_type=\"container\" data-e-type=\"container\">\n\t\t\t\t<div class=\"elementor-element elementor-element-8ce2781 elementor-widget elementor-widget-template\" data-id=\"8ce2781\" data-element_type=\"widget\" data-e-type=\"widget\" data-widget_type=\"template.default\">\n\t\t\t\t<div class=\"elementor-widget-container\">\n\t\t\t\t\t\t\t<div class=\"elementor-template\">\n\t\t\t\t\t<div data-elementor-type=\"container\" data-elementor-id=\"3892\" class=\"elementor elementor-3892 elementor-3628\" data-elementor-post-type=\"elementor_library\">\n\t\t\t\t<div class=\"elementor-element elementor-element-2fef1492 e-flex e-con-boxed e-con e-parent\" data-id=\"2fef1492\" data-element_type=\"container\" data-e-type=\"container\" data-settings=\"{&quot;background_background&quot;:&quot;classic&quot;}\">\n\t\t\t\t\t<div class=\"e-con-inner\">\n\t\t\t\t<div class=\"elementor-element elementor-element-30c4749e elementor-widget elementor-widget-heading\" data-id=\"30c4749e\" data-element_type=\"widget\" data-e-type=\"widget\" data-widget_type=\"heading.default\">\n\t\t\t\t<div class=\"elementor-widget-container\">\n\t\t\t\t\t<h2 class=\"elementor-heading-title elementor-size-default\">Von Ihrer Wohnung aus<br>\ndirekt in den Wald gehen<\/h2>\t\t\t\t<\/div>\n\t\t\t\t<\/div>\n\t\t\t\t<div class=\"elementor-element elementor-element-3f972117 elementor-widget elementor-widget-text-editor\" data-id=\"3f972117\" data-element_type=\"widget\" data-e-type=\"widget\" data-widget_type=\"text-editor.default\">\n\t\t\t\t<div class=\"elementor-widget-container\">\n\t\t\t\t\t\t\t\t\t<p>Beginnen Sie den Morgen mit einem atemberaubenden Blick von unserem Aussichtsturm, der 100 Meter von Ihrer Wohnung entfernt ist. Oder lassen Sie es etwas ruhiger angehen und machen Sie nach dem Fr\u00fchst\u00fcck einen kleinen Spaziergang durch unseren Innenhof.<\/p>\n\t\t\t\t\t\t\t\t<\/div>\n\t\t\t\t<\/div>\n\t\t\t\t<div class=\"elementor-element elementor-element-52bd8aad elementor-widget elementor-widget-button\" data-id=\"52bd8aad\" data-element_type=\"widget\" data-e-type=\"widget\" data-widget_type=\"button.default\">\n\t\t\t\t<div class=\"elementor-widget-container\">\n\t\t\t\t\t\t\t\t\t<div class=\"elementor-button-wrapper\">\n\t\t\t\t\t<a class=\"elementor-button elementor-button-link elementor-size-sm\" href=\"https:\/\/bos-en-duin.texelinformatie.nl\/\" target=\"_blank\">\n\t\t\t\t\t\t<span class=\"elementor-button-content-wrapper\">\n\t\t\t\t\t\t\t\t\t<span class=\"elementor-button-text\">360\u00ba Tour ansehen<\/span>\n\t\t\t\t\t<\/span>\n\t\t\t\t\t<\/a>\n\t\t\t\t<\/div>\n\t\t\t\t\t\t\t\t<\/div>\n\t\t\t\t<\/div>\n\t\t\t\t\t<\/div>\n\t\t\t\t<\/div>\n\t\t\t\t<\/div>\n\t\t\t\t<\/div>\n\t\t\t\t\t\t<\/div>\n\t\t\t\t<\/div>\n\t\t\t\t<\/div>\n\t\t<div class=\"elementor-element elementor-element-9fd9d6d e-flex e-con-boxed e-con e-parent\" data-id=\"9fd9d6d\" data-element_type=\"container\" data-e-type=\"container\">\n\t\t\t\t\t<div class=\"e-con-inner\">\n\t\t\t\t\t<\/div>\n\t\t\t\t<\/div>\n\t\t<div class=\"elementor-element elementor-element-b4c7d9c e-flex e-con-boxed e-con e-parent\" data-id=\"b4c7d9c\" data-element_type=\"container\" data-e-type=\"container\">\n\t\t\t\t\t<div class=\"e-con-inner\">\n\t\t\t\t\t<\/div>\n\t\t\t\t<\/div>\n\t\t<div class=\"elementor-element elementor-element-898fedb e-flex e-con-boxed e-con e-parent\" data-id=\"898fedb\" data-element_type=\"container\" data-e-type=\"container\">\n\t\t\t\t\t<div class=\"e-con-inner\">\n\t\t\t\t\t<\/div>\n\t\t\t\t<\/div>\n\t\t<div class=\"elementor-element elementor-element-4ce11b7 e-flex e-con-boxed e-con e-parent\" data-id=\"4ce11b7\" data-element_type=\"container\" data-e-type=\"container\">\n\t\t\t\t\t<div class=\"e-con-inner\">\n\t\t\t\t\t<\/div>\n\t\t\t\t<\/div>\n\t\t<div class=\"elementor-element elementor-element-f03ab0c e-flex e-con-boxed e-con e-parent\" data-id=\"f03ab0c\" data-element_type=\"container\" data-e-type=\"container\">\n\t\t\t\t\t<div class=\"e-con-inner\">\n\t\t\t\t\t<\/div>\n\t\t\t\t<\/div>\n\t\t\t\t<\/div>\n\t\t","protected":false},"excerpt":{"rendered":"<p>Pfingsten auf Texel Genie\u00dfen Sie die Pfingstferien in einer sch\u00f6nen Wohnung auf Texel und die Natur gleich nebenan. Bei Bos en Duin finden Sie das alles. Ob Sie zu zweit oder mit der ganzen Familie verreisen, wir bieten Wohnungen f\u00fcr jeden Geschmack und jedes Komfortbed\u00fcrfnis. Unsere Unterk\u00fcnfte sind modern eingerichtet und bieten Platz f\u00fcr 2 [&hellip;]<\/p>\n","protected":false},"author":8,"featured_media":0,"parent":0,"menu_order":0,"comment_status":"closed","ping_status":"closed","template":"","meta":{"footnotes":""},"class_list":["post-5730","page","type-page","status-publish","hentry"],"_links":{"self":[{"href":"https:\/\/bosenduin-texel.nl\/de\/wp-json\/wp\/v2\/pages\/5730","targetHints":{"allow":["GET"]}}],"collection":[{"href":"https:\/\/bosenduin-texel.nl\/de\/wp-json\/wp\/v2\/pages"}],"about":[{"href":"https:\/\/bosenduin-texel.nl\/de\/wp-json\/wp\/v2\/types\/page"}],"author":[{"embeddable":true,"href":"https:\/\/bosenduin-texel.nl\/de\/wp-json\/wp\/v2\/users\/8"}],"replies":[{"embeddable":true,"href":"https:\/\/bosenduin-texel.nl\/de\/wp-json\/wp\/v2\/comments?post=5730"}],"version-history":[{"count":0,"href":"https:\/\/bosenduin-texel.nl\/de\/wp-json\/wp\/v2\/pages\/5730\/revisions"}],"wp:attachment":[{"href":"https:\/\/bosenduin-texel.nl\/de\/wp-json\/wp\/v2\/media?parent=5730"}],"curies":[{"name":"wp","href":"https:\/\/api.w.org\/{rel}","templated":true}]}}